{"id":7767,"date":"2025-08-29T11:03:17","date_gmt":"2025-08-29T09:03:17","guid":{"rendered":"https:\/\/pedrodeatarrabia.educacion.navarra.es\/web1\/?page_id=7767"},"modified":"2025-08-29T11:49:44","modified_gmt":"2025-08-29T09:49:44","slug":"plan-de-gratuidad-de-libros-de-texto%ef%bf%bc","status":"publish","type":"page","link":"https:\/\/pedrodeatarrabia.educacion.navarra.es\/web1\/plan-de-gratuidad-de-libros-de-texto%ef%bf%bc\/","title":{"rendered":"Plan de gratuidad de libros de texto"},"content":{"rendered":"\n<p>Ley Foral 6\/2008, de 25 de marzo, de financiaci\u00f3n de libro de texto para la ense\u00f1anza b\u00e1sica.<\/p>\n\n\n\n<p><strong><u>Requisito de durabilidad<\/u><\/strong>: en Educaci\u00f3n Secundaria Obligatoria y en los Ciclos Formativos de Grado B\u00e1sico, los libros de texto\/materiales elaborados por el centro\/materiales de uso com\u00fan, tienen que ser reutilizables por el alumnado&nbsp;<strong>durante un periodo de cinco cursos escolares<\/strong>.<\/p>\n\n\n\n<p><strong>INFORMACI\u00d3N PARA REPRESENTANTES LEGALES DEL ALUMNADO<\/strong><\/p>\n\n\n\n<p>El sistema de pr\u00e9stamo, adem\u00e1s de suponer un ahorro para las familias, tiene un evidente contenido pedag\u00f3gico en la medida en que debe inculcar, especialmente al alumnado, pero tambi\u00e9n a los representantes legales, la importancia del cuidado del material que se les asigne y la obligaci\u00f3n de reintegrar dicho material al centro en un buen estado de conservaci\u00f3n y uso, una vez finalizado el curso escolar o en el momento de su baja del centro, si se produce su traslado.<\/p>\n\n\n\n<p>Los libros de texto ser\u00e1n propiedad de los centros y permanecer\u00e1n, una vez concluido el curso escolar, en el centro docente donde el alumno haya cursado las ense\u00f1anzas, de forma que puedan ser utilizados por otros alumnos en cursos sucesivos.<\/p>\n\n\n\n<p>Asimismo, este sistema impone a los representantes legales la obligaci\u00f3n de reposici\u00f3n del material no devuelto o que est\u00e9 deteriorado a la finalizaci\u00f3n del curso.&nbsp;En tanto no se cumplan las obligaciones de reposici\u00f3n por los representantes legales de un alumno, este perder\u00e1 la condici\u00f3n de destinatario del Programa de Gratuidad hasta que se acredite la reposici\u00f3n del material no devuelto o deteriorado.<\/p>\n\n\n\n<p>Si la diferencia entre la aportaci\u00f3n de la Administraci\u00f3n por cada alumno y el coste de cada lote de libros de texto y o materiales es negativa, la diferencia la costear\u00e1n los representantes legales de los alumnos, sin adquirir por ello otro derecho que el del uso del libro durante el curso escolar correspondiente.<\/p>\n\n\n\n<p>No obstante, si desea <strong>renunciar a la participaci\u00f3n en el Programa<\/strong>, puede cumplimentar el documento de renuncia y entregarlo en el centro en la fecha que por el mismo se le indique. Este documento lo tiene disponible en la  <a rel=\"noreferrer noopener\" href=\"https:\/\/www.educacion.navarra.es\/web\/dpto\/becas-y-ayudas\/adquisicion-libros-de-texto\" data-type=\"URL\" data-id=\"https:\/\/www.educacion.navarra.es\/web\/dpto\/becas-y-ayudas\/adquisicion-libros-de-texto\" target=\"_blank\">Web <\/a>de Educaci\u00f3ny en el centro docente. <\/p>\n","protected":false},"excerpt":{"rendered":"<p>Ley Foral 6\/2008, de 25 de marzo, de financiaci\u00f3n de libro de texto para la ense\u00f1anza b\u00e1sica. Requisito de durabilidad: en Educaci\u00f3n Secundaria Obligatoria y en los Ciclos Formativos de Grado B\u00e1sico, los libros de texto\/materiales elaborados por el centro\/materiales de uso com\u00fan, tienen que ser reutilizables por el alumnado&nbsp;durante un periodo de cinco cursos [&hellip;]<\/p>\n","protected":false},"author":7,"featured_media":0,"parent":0,"menu_order":0,"comment_status":"closed","ping_status":"closed","template":"","meta":{"_genesis_hide_title":false,"_genesis_hide_breadcrumbs":false,"_genesis_hide_singular_image":false,"_genesis_hide_footer_widgets":false,"_genesis_custom_body_class":"","_genesis_custom_post_class":"","_genesis_layout":""},"featured_image_src":null,"featured_image_src_square":null,"_links":{"self":[{"href":"https:\/\/pedrodeatarrabia.educacion.navarra.es\/web1\/wp-json\/wp\/v2\/pages\/7767"}],"collection":[{"href":"https:\/\/pedrodeatarrabia.educacion.navarra.es\/web1\/wp-json\/wp\/v2\/pages"}],"about":[{"href":"https:\/\/pedrodeatarrabia.educacion.navarra.es\/web1\/wp-json\/wp\/v2\/types\/page"}],"author":[{"embeddable":true,"href":"https:\/\/pedrodeatarrabia.educacion.navarra.es\/web1\/wp-json\/wp\/v2\/users\/7"}],"replies":[{"embeddable":true,"href":"https:\/\/pedrodeatarrabia.educacion.navarra.es\/web1\/wp-json\/wp\/v2\/comments?post=7767"}],"version-history":[{"count":2,"href":"https:\/\/pedrodeatarrabia.educacion.navarra.es\/web1\/wp-json\/wp\/v2\/pages\/7767\/revisions"}],"predecessor-version":[{"id":7773,"href":"https:\/\/pedrodeatarrabia.educacion.navarra.es\/web1\/wp-json\/wp\/v2\/pages\/7767\/revisions\/7773"}],"wp:attachment":[{"href":"https:\/\/pedrodeatarrabia.educacion.navarra.es\/web1\/wp-json\/wp\/v2\/media?parent=7767"}],"curies":[{"name":"wp","href":"https:\/\/api.w.org\/{rel}","templated":true}]}}