{"id":250,"date":"2015-04-24T11:29:25","date_gmt":"2015-04-24T09:29:25","guid":{"rendered":"http:\/\/pedrodeatarrabia.educacion.navarra.es\/web1\/?page_id=250"},"modified":"2024-08-28T10:44:33","modified_gmt":"2024-08-28T08:44:33","slug":"equipo-directivo","status":"publish","type":"page","link":"https:\/\/pedrodeatarrabia.educacion.navarra.es\/web1\/el-centro\/equipo-directivo\/","title":{"rendered":"Equipo directivo"},"content":{"rendered":"<p><strong>Directora: <\/strong>Ana Mar\u00eda S\u00e1inz S\u00e1nchez<\/p>\n<p><strong>Vicedirectora: <\/strong>Inma Prats Abad\u00eda<\/p>\n<p><strong>Jefa de Estudios Castellano: <\/strong>Maider\u00a0 Ziganda Pastor<\/p>\n<p><strong>Jefa de Estudios Euskera:<\/strong> Edurne Oscoz Jauregui<\/p>\n<p><strong>Secretaria:\u00a0<\/strong>Yolanda Ilund\u00e1in Labiano<\/p>\n\n\n<p><\/p>\n","protected":false},"excerpt":{"rendered":"<p>Directora: Ana Mar\u00eda S\u00e1inz S\u00e1nchez Vicedirectora: Inma Prats Abad\u00eda Jefa de Estudios Castellano: Maider\u00a0 Ziganda Pastor Jefa de Estudios Euskera: Edurne Oscoz Jauregui Secretaria:\u00a0Yolanda Ilund\u00e1in Labiano<\/p>\n","protected":false},"author":4,"featured_media":0,"parent":219,"menu_order":0,"comment_status":"open","ping_status":"open","template":"","meta":{"_genesis_hide_title":false,"_genesis_hide_breadcrumbs":false,"_genesis_hide_singular_image":false,"_genesis_hide_footer_widgets":false,"_genesis_custom_body_class":"","_genesis_custom_post_class":"","_genesis_layout":""},"featured_image_src":null,"featured_image_src_square":null,"_links":{"self":[{"href":"https:\/\/pedrodeatarrabia.educacion.navarra.es\/web1\/wp-json\/wp\/v2\/pages\/250"}],"collection":[{"href":"https:\/\/pedrodeatarrabia.educacion.navarra.es\/web1\/wp-json\/wp\/v2\/pages"}],"about":[{"href":"https:\/\/pedrodeatarrabia.educacion.navarra.es\/web1\/wp-json\/wp\/v2\/types\/page"}],"author":[{"embeddable":true,"href":"https:\/\/pedrodeatarrabia.educacion.navarra.es\/web1\/wp-json\/wp\/v2\/users\/4"}],"replies":[{"embeddable":true,"href":"https:\/\/pedrodeatarrabia.educacion.navarra.es\/web1\/wp-json\/wp\/v2\/comments?post=250"}],"version-history":[{"count":13,"href":"https:\/\/pedrodeatarrabia.educacion.navarra.es\/web1\/wp-json\/wp\/v2\/pages\/250\/revisions"}],"predecessor-version":[{"id":7010,"href":"https:\/\/pedrodeatarrabia.educacion.navarra.es\/web1\/wp-json\/wp\/v2\/pages\/250\/revisions\/7010"}],"up":[{"embeddable":true,"href":"https:\/\/pedrodeatarrabia.educacion.navarra.es\/web1\/wp-json\/wp\/v2\/pages\/219"}],"wp:attachment":[{"href":"https:\/\/pedrodeatarrabia.educacion.navarra.es\/web1\/wp-json\/wp\/v2\/media?parent=250"}],"curies":[{"name":"wp","href":"https:\/\/api.w.org\/{rel}","templated":true}]}}