{"id":219,"date":"2015-04-23T18:26:36","date_gmt":"2015-04-23T16:26:36","guid":{"rendered":"http:\/\/pedrodeatarrabia.educacion.navarra.es\/web1\/?page_id=219"},"modified":"2024-05-06T18:37:35","modified_gmt":"2024-05-06T16:37:35","slug":"el-centro","status":"publish","type":"page","link":"https:\/\/pedrodeatarrabia.educacion.navarra.es\/web1\/el-centro\/","title":{"rendered":"El Centro"},"content":{"rendered":"<p><span style=\"color: #0000ff\"><strong>Pedro de Atarrabia<\/strong><\/span><\/p>\n<p>(Villava, 1280-1347) Fraile franciscano, te\u00f3logo de los m\u00e1s famosos de la Edad Media conocido como \u201cDoctor Fundatus\u201d y consejero de los monarcas navarros. Estudio en el convento de San Francisco de Pamplona. M\u00e1s tarde en la Universidad de Par\u00eds donde obtuvo el grado de maestro de teolog\u00eda. Entre 1324-26, aunque no se haya confirmado con certeza hist\u00f3rica, actu\u00f3 como ministro provincial de la provincia franciscana de Arag\u00f3n (a la que pertenec\u00eda la custodia de Navarra integrada por los conventos de Pamplona, Olite, Tudela, Sang\u00fcesa y Estella). Represent\u00f3 a los conventos Franciscanos de Navarra en el cap\u00edtulo general de la orden celebrado en Tarragona (1317), donde fue elegido ministro de la provincia de Arag\u00f3n (que comprend\u00eda Navarra, Zaragoza, Catalu\u00f1a, Valencia y Baleares).<\/p>\n<p>Actu\u00f3 como embajador de las Cortes de Navarra.<\/p>\n<p>Donde mayor relieve adquiri\u00f3 Pedro de Atarrabia fue en la: Elaboraci\u00f3n del amejoramiento del Fuero, hecha por Felipe III.<\/p>\n<p>Su \u00fanica obra conocida es el \u201cComentario sobre el Libro I de las sentencias\u201d de Pedro Lombardo, conservado en cuatro c\u00f3dices de Tortosa. La&nbsp; Sociedad Beti Onak de Villava convoc\u00f3 en 1989 la \u201cPrimera edici\u00f3n del concurso de Narrativa Pedro de Atarrabia\u201d. Concurso que se viene convocando desde entonces todos los a\u00f1os.<\/p>\n\n\n<figure class=\"wp-block-image size-large\"><a href=\"https:\/\/pedrodeatarrabia.educacion.navarra.es\/web1\/wp-content\/uploads\/2020\/12\/unnamed.jpg\"><img loading=\"lazy\" width=\"417\" height=\"512\" src=\"https:\/\/pedrodeatarrabia.educacion.navarra.es\/web1\/wp-content\/uploads\/2020\/12\/unnamed.jpg\" alt=\"\" class=\"wp-image-3612\" srcset=\"https:\/\/pedrodeatarrabia.educacion.navarra.es\/web1\/wp-content\/uploads\/2020\/12\/unnamed.jpg 417w, https:\/\/pedrodeatarrabia.educacion.navarra.es\/web1\/wp-content\/uploads\/2020\/12\/unnamed-244x300.jpg 244w\" sizes=\"(max-width: 417px) 100vw, 417px\" \/><\/a><figcaption>Pedro de Atarrabia<\/figcaption><\/figure>\n","protected":false},"excerpt":{"rendered":"<p>Pedro de Atarrabia (Villava, 1280-1347) Fraile franciscano, te\u00f3logo de los m\u00e1s famosos de la Edad Media conocido como \u201cDoctor Fundatus\u201d y consejero de los monarcas navarros. Estudio en el convento de San Francisco de Pamplona. M\u00e1s tarde en la Universidad de Par\u00eds donde obtuvo el grado de maestro de teolog\u00eda. Entre 1324-26, aunque no se [&hellip;]<\/p>\n","protected":false},"author":2,"featured_media":0,"parent":0,"menu_order":0,"comment_status":"open","ping_status":"open","template":"","meta":{"_genesis_hide_title":false,"_genesis_hide_breadcrumbs":false,"_genesis_hide_singular_image":false,"_genesis_hide_footer_widgets":false,"_genesis_custom_body_class":"","_genesis_custom_post_class":"","_genesis_layout":""},"featured_image_src":null,"featured_image_src_square":null,"_links":{"self":[{"href":"https:\/\/pedrodeatarrabia.educacion.navarra.es\/web1\/wp-json\/wp\/v2\/pages\/219"}],"collection":[{"href":"https:\/\/pedrodeatarrabia.educacion.navarra.es\/web1\/wp-json\/wp\/v2\/pages"}],"about":[{"href":"https:\/\/pedrodeatarrabia.educacion.navarra.es\/web1\/wp-json\/wp\/v2\/types\/page"}],"author":[{"embeddable":true,"href":"https:\/\/pedrodeatarrabia.educacion.navarra.es\/web1\/wp-json\/wp\/v2\/users\/2"}],"replies":[{"embeddable":true,"href":"https:\/\/pedrodeatarrabia.educacion.navarra.es\/web1\/wp-json\/wp\/v2\/comments?post=219"}],"version-history":[{"count":6,"href":"https:\/\/pedrodeatarrabia.educacion.navarra.es\/web1\/wp-json\/wp\/v2\/pages\/219\/revisions"}],"predecessor-version":[{"id":6867,"href":"https:\/\/pedrodeatarrabia.educacion.navarra.es\/web1\/wp-json\/wp\/v2\/pages\/219\/revisions\/6867"}],"wp:attachment":[{"href":"https:\/\/pedrodeatarrabia.educacion.navarra.es\/web1\/wp-json\/wp\/v2\/media?parent=219"}],"curies":[{"name":"wp","href":"https:\/\/api.w.org\/{rel}","templated":true}]}}