{"id":294,"date":"2015-04-24T21:35:49","date_gmt":"2015-04-24T19:35:49","guid":{"rendered":"http:\/\/pedrodeatarrabia.educacion.navarra.es\/web1\/?page_id=294"},"modified":"2024-08-28T10:51:19","modified_gmt":"2024-08-28T08:51:19","slug":"eskola-kontseilua","status":"publish","type":"page","link":"https:\/\/pedrodeatarrabia.educacion.navarra.es\/web1\/eu\/ikastetxea\/eskola-kontseilua\/","title":{"rendered":"Eskola Kontseilua"},"content":{"rendered":"<p>Heziketa Komunitateko arlo diferentetako partaideek, parte hartzen duten organua Eskola Kontseilua da. Irakaslego, guraso, ikasle eta zerbitzutako eta administraziotako langileek parte hartzen dute.<\/p>\n<p><strong>Eskola Kontsiluko partaideak:<\/strong><\/p>\n<p>LEHENDAKARIA: Ana Sainz<\/p>\n<p>IKASKETA BURUAK: Maider Ziganda<\/p>\n<p>IKASLEEN GURASOAK: <span style=\"font-weight: 400\"> Nerea Juanarena, Jos\u00e9 Mari S\u00e1nchez, Alicia \u00c1lvarez<\/span><\/p>\n<p>IKASLEAK: Amaia Rozas<\/p>\n<p>IRAKASLEAK: Elena Bosque, Inma Prats, Gibr\u00e1n de Lucas, David Soria, Edurne Oscoz Jauregui<\/p>\n<p>ADMINISTRAZIOA ETA ZERBITZUAK: Kizkitza Larrea<\/p>\n<p>UDALAREN ORDEZKARIA: Diana Bru\u00f1o.<\/p>\n<p>IDAZKARIA: Yolanda Ilund\u00e1in<\/p>\n","protected":false},"excerpt":{"rendered":"<p>Heziketa Komunitateko arlo diferentetako partaideek, parte hartzen duten organua Eskola Kontseilua da. Irakaslego, guraso, ikasle eta zerbitzutako eta administraziotako langileek parte hartzen dute. Eskola Kontsiluko partaideak: LEHENDAKARIA: Ana Sainz IKASKETA BURUAK: Maider Ziganda IKASLEEN GURASOAK: Nerea Juanarena, Jos\u00e9 Mari S\u00e1nchez, Alicia \u00c1lvarez IKASLEAK: Amaia Rozas IRAKASLEAK: Elena Bosque, Inma Prats, Gibr\u00e1n de Lucas, David Soria, [&hellip;]<\/p>\n","protected":false},"author":2,"featured_media":0,"parent":279,"menu_order":0,"comment_status":"open","ping_status":"open","template":"","meta":{"_genesis_hide_title":false,"_genesis_hide_breadcrumbs":false,"_genesis_hide_singular_image":false,"_genesis_hide_footer_widgets":false,"_genesis_custom_body_class":"","_genesis_custom_post_class":"","_genesis_layout":""},"featured_image_src":null,"featured_image_src_square":null,"_links":{"self":[{"href":"https:\/\/pedrodeatarrabia.educacion.navarra.es\/web1\/eu\/wp-json\/wp\/v2\/pages\/294"}],"collection":[{"href":"https:\/\/pedrodeatarrabia.educacion.navarra.es\/web1\/eu\/wp-json\/wp\/v2\/pages"}],"about":[{"href":"https:\/\/pedrodeatarrabia.educacion.navarra.es\/web1\/eu\/wp-json\/wp\/v2\/types\/page"}],"author":[{"embeddable":true,"href":"https:\/\/pedrodeatarrabia.educacion.navarra.es\/web1\/eu\/wp-json\/wp\/v2\/users\/2"}],"replies":[{"embeddable":true,"href":"https:\/\/pedrodeatarrabia.educacion.navarra.es\/web1\/eu\/wp-json\/wp\/v2\/comments?post=294"}],"version-history":[{"count":16,"href":"https:\/\/pedrodeatarrabia.educacion.navarra.es\/web1\/eu\/wp-json\/wp\/v2\/pages\/294\/revisions"}],"predecessor-version":[{"id":7013,"href":"https:\/\/pedrodeatarrabia.educacion.navarra.es\/web1\/eu\/wp-json\/wp\/v2\/pages\/294\/revisions\/7013"}],"up":[{"embeddable":true,"href":"https:\/\/pedrodeatarrabia.educacion.navarra.es\/web1\/eu\/wp-json\/wp\/v2\/pages\/279"}],"wp:attachment":[{"href":"https:\/\/pedrodeatarrabia.educacion.navarra.es\/web1\/eu\/wp-json\/wp\/v2\/media?parent=294"}],"curies":[{"name":"wp","href":"https:\/\/api.w.org\/{rel}","templated":true}]}}